{"id":90,"date":"2014-12-05T18:25:39","date_gmt":"2014-12-05T16:25:39","guid":{"rendered":"http:\/\/www.unterweg.it\/?page_id=90"},"modified":"2024-09-30T09:07:04","modified_gmt":"2024-09-30T07:07:04","slug":"la-casa","status":"publish","type":"page","link":"https:\/\/www.unterweg.it\/it\/","title":{"rendered":"La casa"},"content":{"rendered":"<p>Benvenuti nell\u2019 Albergo Ristorante Unterweg, a pochi chilometri di Bolzano.<br \/>\nIl fascino di questo posto deriva dalla natura incontaminata e dalla tranquillit\u00e0.<br \/>\nQui troverete relax e una buona cucina.<\/p>\n<p>La nostra casa \u00e8 adagiata su un pendio soleggiato, in posizione panoramica, fra prati e boschi, lungo la strada poco trafficata, che da Bolzano porta al paesino di Avigna. Un tempo qui passava una vecchia carrareccia e c\u2019era solo una piccola cascina. Negli anni 70 venne costruito l\u2019attuale Albergo Ristorante \u201cUnterweg\u201d, parola tedesca che significa \u201csotto la strada\u201d.<\/p>\n<p>L\u2019\u201dUnterweg\u201d \u00e8 una vera e propria azienda familiare: la cucina \u00e8 il regno della signora Maria; stare ai fornelli le piace molto, non \u00e8 per lei un lavoro ma vera passione! Ferdinand, per gli amici \u201cFerdl\u201d, ha imparato il mestiere di macellaio ma lavora ora come camionista e ruspista; di sabato e domenica nei momenti di maggior affluenza al ristorante aiuta a prendere le ordinazioni; la figlia Martina, con solida formazione alberghiera, si occupa del servizio e dell\u2019amministrazione.<\/p>\n<p>La nostra casa \u00e8 conosciuta per la cordiale ospitalit\u00e0, l\u2019atmosfera familiare dove potete dimenticare i ritmi incalzanti della citt\u00e0. Vi troverete come a casa vostra.<br \/>\nDa noi i bambini possono scorazzare nel parco giochi e un bel prato invita a sdraiarsi a prendere il sole e il vicino bosco a passeggiare.<\/p>\n<p>Da primavera ad autunno siamo una meta ideale per escursionisti sul Monzoccolo, la montagna a ridosso di casa nostra, che fiancheggia la Val d\u2019Adige, dalla conca di Merano a quella di Bolzano; troverete una fitta rete di sentieri e di vie ben segnalate, per passeggiate e escursioni per tutti, giovani ed anziani e persone pi\u00f9 o meno allenate.<\/p>\n<p>Bolzano, il capoluogo della nostra provincia, dista appena 11 km; ha un bel centro storico con zona pedonale, negozi e luoghi d\u2019arte, che offrono tutto l\u2019anno ampie opportunit\u00e0 culturali e intrattenimenti per tutti.<\/p>\n<p>Potete lasciare la macchina nel nostro parcheggio e muovervi con il bus; la fermata dell\u2019autobus \u00e8 vicinissima all\u2019albergo; d\u2019estate si ferma anche il bus navetta, che vi porter\u00e0 sull\u2019altipiano di San Genesio per visitare paesini , per intraprendere escursioni o andare a Bolzano.<\/p>\n<p>CIN: IT021079B44T2P39VQ<\/p>\n","protected":false},"excerpt":{"rendered":"<p>Benvenuti nell\u2019 Albergo Ristorante Unterweg, a pochi chilometri di Bolzano. Il fascino di questo posto deriva dalla natura incontaminata e <a class=\"read-more\" href=\"https:\/\/www.unterweg.it\/it\/\">continua<\/a><\/p>\n","protected":false},"author":1,"featured_media":324,"parent":0,"menu_order":0,"comment_status":"closed","ping_status":"closed","template":"page-haus.php","meta":{"footnotes":""},"class_list":["post-90","page","type-page","status-publish","has-post-thumbnail","hentry"],"_links":{"self":[{"href":"https:\/\/www.unterweg.it\/it\/wp-json\/wp\/v2\/pages\/90","targetHints":{"allow":["GET"]}}],"collection":[{"href":"https:\/\/www.unterweg.it\/it\/wp-json\/wp\/v2\/pages"}],"about":[{"href":"https:\/\/www.unterweg.it\/it\/wp-json\/wp\/v2\/types\/page"}],"author":[{"embeddable":true,"href":"https:\/\/www.unterweg.it\/it\/wp-json\/wp\/v2\/users\/1"}],"replies":[{"embeddable":true,"href":"https:\/\/www.unterweg.it\/it\/wp-json\/wp\/v2\/comments?post=90"}],"version-history":[{"count":0,"href":"https:\/\/www.unterweg.it\/it\/wp-json\/wp\/v2\/pages\/90\/revisions"}],"wp:featuredmedia":[{"embeddable":true,"href":"https:\/\/www.unterweg.it\/it\/wp-json\/wp\/v2\/media\/324"}],"wp:attachment":[{"href":"https:\/\/www.unterweg.it\/it\/wp-json\/wp\/v2\/media?parent=90"}],"curies":[{"name":"wp","href":"https:\/\/api.w.org\/{rel}","templated":true}]}}